{"id":18,"date":"2017-07-21T09:17:36","date_gmt":"2017-07-21T09:17:36","guid":{"rendered":"http:\/\/publiroule.fr\/?page_id=18"},"modified":"2019-12-17T08:40:06","modified_gmt":"2019-12-17T08:40:06","slug":"publiroule-est-une-entreprise-de-communication-via-des-camions-daffichages-publicitaires-mobiles","status":"publish","type":"page","link":"https:\/\/publiroule.fr\/","title":{"rendered":"PUBLIROULE est une entreprise de communication via l&rsquo;affichage publicitaire mobile sur camion"},"content":{"rendered":"<h1 style=\"text-align: center;\"><strong>Se d\u00e9marquer gr\u00e2ce \u00e0 l&rsquo;Affichage Mobile !<\/strong><\/h1>\n<hr>\n<p style=\"text-align: center;\"><strong>Percutant<\/strong><br>\nMoyen attractif qui ne passe pas inaper\u00e7u.<br>\nAfin de vous d\u00e9marquer, rien de tel que de&nbsp;susciter l&rsquo;int\u00e9r\u00eat !<\/p>\n<p style=\"text-align: center;\"><strong>Modulable<\/strong><br>\nCible la population que l&rsquo;on souhaite toucher \u00e0 travers des itin\u00e9raires et des horaires pr\u00e9cis choisis avec vous.<br>\nNous serons l\u00e0 o\u00f9 vous voulez, quand vous voulez !<\/p>\n<p style=\"text-align: center;\"><strong>A volont\u00e9<\/strong><br>\nAvec un kilom\u00e9trage illimit\u00e9, le visuel sera vu \u00e0 plusieurs reprises.<br>\nM\u00e9morisation du message garantie !<\/p>\n<p style=\"text-align: center;\"><strong>Moderne<\/strong><br>\nDans le respect de la r\u00e9glementation et \u00e0 travers une flotte de v\u00e9hicules publicitaires suivies et entretenues.<br>\nSouvent renouvel\u00e9 pour de belles campagnes !<\/p>\n<p style=\"text-align: center;\"><strong>Attractif<\/strong><br>\nNous contacter pour une demande de devis<a href=\"http:\/\/publiroule.fr\/?page_id=30\"><img loading=\"lazy\" width=\"70\" height=\"53\" class=\"size-full wp-image-86 aligncenter\" alt=\"\" src=\"http:\/\/publiroule.fr\/wp-content\/uploads\/2017\/07\/logo-formulaire-2.png\"><\/a><\/p>\n\n\n<div class=\"wp-block-image\"><figure class=\"aligncenter size-large is-resized\"><img loading=\"lazy\" src=\"https:\/\/publiroule.fr\/wp-content\/uploads\/2019\/12\/10728-10-1.jpg\" alt=\"\" class=\"wp-image-371\" width=\"403\" height=\"302\" srcset=\"https:\/\/publiroule.fr\/wp-content\/uploads\/2019\/12\/10728-10-1.jpg 600w, https:\/\/publiroule.fr\/wp-content\/uploads\/2019\/12\/10728-10-1-300x225.jpg 300w, https:\/\/publiroule.fr\/wp-content\/uploads\/2019\/12\/10728-10-1-50x38.jpg 50w\" sizes=\"(max-width: 403px) 100vw, 403px\" \/><\/figure><\/div>\n","protected":false},"excerpt":{"rendered":"<p>Se d\u00e9marquer gr\u00e2ce \u00e0 l&rsquo;Affichage Mobile ! Percutant Moyen attractif qui ne passe pas inaper\u00e7u. Afin de vous d\u00e9marquer, rien de tel que de&nbsp;susciter l&rsquo;int\u00e9r\u00eat ! Modulable Cible la population que l&rsquo;on souhaite toucher \u00e0 travers des itin\u00e9raires et des horaires pr\u00e9cis choisis avec vous. Nous serons l\u00e0 o\u00f9 vous voulez, quand vous voulez ! &hellip; <\/p>\n<p class=\"link-more\"><a href=\"https:\/\/publiroule.fr\/\" class=\"more-link\">Continuer la lecture<span class=\"screen-reader-text\"> de &laquo;&nbsp;PUBLIROULE est une entreprise de communication via l&rsquo;affichage publicitaire mobile sur camion&nbsp;&raquo;<\/span><\/a><\/p>\n","protected":false},"author":1,"featured_media":68,"parent":0,"menu_order":0,"comment_status":"closed","ping_status":"closed","template":"","meta":{"_monsterinsights_skip_tracking":false,"_monsterinsights_sitenote_active":false,"_monsterinsights_sitenote_note":"","_monsterinsights_sitenote_category":0},"wppr_data":{"cwp_meta_box_check":"No"},"aioseo_notices":[],"amp_enabled":false,"_links":{"self":[{"href":"https:\/\/publiroule.fr\/index.php?rest_route=\/wp\/v2\/pages\/18"}],"collection":[{"href":"https:\/\/publiroule.fr\/index.php?rest_route=\/wp\/v2\/pages"}],"about":[{"href":"https:\/\/publiroule.fr\/index.php?rest_route=\/wp\/v2\/types\/page"}],"author":[{"embeddable":true,"href":"https:\/\/publiroule.fr\/index.php?rest_route=\/wp\/v2\/users\/1"}],"replies":[{"embeddable":true,"href":"https:\/\/publiroule.fr\/index.php?rest_route=%2Fwp%2Fv2%2Fcomments&post=18"}],"version-history":[{"count":17,"href":"https:\/\/publiroule.fr\/index.php?rest_route=\/wp\/v2\/pages\/18\/revisions"}],"predecessor-version":[{"id":542,"href":"https:\/\/publiroule.fr\/index.php?rest_route=\/wp\/v2\/pages\/18\/revisions\/542"}],"wp:featuredmedia":[{"embeddable":true,"href":"https:\/\/publiroule.fr\/index.php?rest_route=\/wp\/v2\/media\/68"}],"wp:attachment":[{"href":"https:\/\/publiroule.fr\/index.php?rest_route=%2Fwp%2Fv2%2Fmedia&parent=18"}],"curies":[{"name":"wp","href":"https:\/\/api.w.org\/{rel}","templated":true}]}}