{"id":30,"date":"2017-07-21T09:24:55","date_gmt":"2017-07-21T09:24:55","guid":{"rendered":"http:\/\/publiroule.fr\/?page_id=30"},"modified":"2022-05-06T13:25:00","modified_gmt":"2022-05-06T13:25:00","slug":"devis","status":"publish","type":"page","link":"https:\/\/publiroule.fr\/?page_id=30","title":{"rendered":"Devis"},"content":{"rendered":"<p style=\"text-align: center;\" align=\"center\"><strong><span style=\"font-family: 'Georgia','serif'; color: #333333;\">Pour toute demande de devis, remplissez le formulaire ci-dessous :<\/span><\/strong><\/p>\n<p><span style=\"font-family: 'Georgia','serif'; color: #333333;\">Les champs avec ast\u00e9risque (<\/span><span style=\"font-family: 'Georgia','serif'; color: red;\">*<\/span><span style=\"font-family: 'Georgia','serif'; color: black;\">)sont obligatoire<\/span><\/p>\n<div role=\"form\" class=\"wpcf7\" id=\"wpcf7-f78-o1\" lang=\"fr-FR\" dir=\"ltr\">\n<div class=\"screen-reader-response\"><p role=\"status\" aria-live=\"polite\" aria-atomic=\"true\"><\/p> <ul><\/ul><\/div>\n<form action=\"\/index.php?rest_route=%2Fwp%2Fv2%2Fpages%2F30#wpcf7-f78-o1\" method=\"post\" class=\"wpcf7-form init\" novalidate=\"novalidate\" data-status=\"init\">\n<div style=\"display: none;\">\n<input type=\"hidden\" name=\"_wpcf7\" value=\"78\" \/>\n<input type=\"hidden\" name=\"_wpcf7_version\" value=\"5.6.4\" \/>\n<input type=\"hidden\" name=\"_wpcf7_locale\" value=\"fr_FR\" \/>\n<input type=\"hidden\" name=\"_wpcf7_unit_tag\" value=\"wpcf7-f78-o1\" \/>\n<input type=\"hidden\" name=\"_wpcf7_container_post\" value=\"0\" \/>\n<input type=\"hidden\" name=\"_wpcf7_posted_data_hash\" value=\"\" \/>\n<\/div>\n<p><span class=\"wpcf7-form-control-wrap\" data-name=\"date-367\"><input type=\"date\" name=\"date-367\" value=\"\" class=\"wpcf7-form-control wpcf7-date wpcf7-validates-as-date\" min=\"2022-05-20\" max=\"2023-08-27\" aria-invalid=\"false\" \/><\/span><span class=\"wpcf7-form-control-wrap\" data-name=\"date-907\"><input type=\"date\" name=\"date-907\" value=\"\" class=\"wpcf7-form-control wpcf7-date wpcf7-validates-as-required wpcf7-validates-as-date\" min=\"2022-05-20\" max=\"2023-08-20\" aria-required=\"true\" aria-invalid=\"false\" \/><\/span><\/p>\n<p>Nombre de jours <span style=\"color:#FF0000\">*<br \/>\n<span class=\"wpcf7-form-control-wrap\" data-name=\"number1\"><input type=\"text\" name=\"number1\" value=\"\" size=\"40\" class=\"wpcf7-form-control wpcf7-text wpcf7-validates-as-required\" aria-required=\"true\" aria-invalid=\"false\" \/><\/span><\/p>\n<p>Nombre de camions par jour <span style=\"color:#FF0000\">*<br \/>\n<span class=\"wpcf7-form-control-wrap\" data-name=\"number\"><input type=\"text\" name=\"number\" value=\"\" size=\"40\" class=\"wpcf7-form-control wpcf7-text wpcf7-validates-as-required\" aria-required=\"true\" aria-invalid=\"false\" \/><\/span><\/p>\n<p>Affiches fournies par vos soins <span style=\"color:#FF0000\">*<br \/>\n<span class=\"wpcf7-form-control-wrap\" data-name=\"Affichesfournies\"><select name=\"Affichesfournies\" class=\"wpcf7-form-control wpcf7-select wpcf7-validates-as-required\" aria-required=\"true\" aria-invalid=\"false\"><option value=\"Oui\">Oui<\/option><option value=\"Non\">Non<\/option><\/select><\/span><\/p>\n<p>Nom Pr\u00e9nom <span style=\"color:#FF0000\">*<br \/>\n<span class=\"wpcf7-form-control-wrap\" data-name=\"your-name\"><input type=\"text\" name=\"your-name\" value=\"\" size=\"40\" class=\"wpcf7-form-control wpcf7-text wpcf7-validates-as-required\" aria-required=\"true\" aria-invalid=\"false\" \/><\/span>       <\/p>\n<p>Soci\u00e9t\u00e9 <span style=\"color:#FF0000\">*<br \/>\n<span class=\"wpcf7-form-control-wrap\" data-name=\"society\"><input type=\"text\" name=\"society\" value=\"\" size=\"40\" class=\"wpcf7-form-control wpcf7-text wpcf7-validates-as-required\" aria-required=\"true\" aria-invalid=\"false\" \/><\/span> <\/p>\n<p>Fonction<br \/>\n    <span class=\"wpcf7-form-control-wrap\" data-name=\"fonction\"><input type=\"text\" name=\"fonction\" value=\"\" size=\"40\" class=\"wpcf7-form-control wpcf7-text\" aria-invalid=\"false\" \/><\/span> <\/p>\n<p>Activit\u00e9<br \/>\n    <span class=\"wpcf7-form-control-wrap\" data-name=\"activity\"><input type=\"text\" name=\"activity\" value=\"\" size=\"40\" class=\"wpcf7-form-control wpcf7-text\" aria-invalid=\"false\" \/><\/span> <\/p>\n<p>Adresse<br \/>\n    <span class=\"wpcf7-form-control-wrap\" data-name=\"adress\"><input type=\"text\" name=\"adress\" value=\"\" size=\"40\" class=\"wpcf7-form-control wpcf7-text\" aria-invalid=\"false\" \/><\/span><\/p>\n<p>Code Postal<br \/>\n    <span class=\"wpcf7-form-control-wrap\" data-name=\"code\"><input type=\"text\" name=\"code\" value=\"\" size=\"40\" class=\"wpcf7-form-control wpcf7-text\" aria-invalid=\"false\" \/><\/span><\/p>\n<p>Ville <span style=\"color:#FF0000\">*<br \/>\n<span class=\"wpcf7-form-control-wrap\" data-name=\"city\"><input type=\"text\" name=\"city\" value=\"\" size=\"40\" class=\"wpcf7-form-control wpcf7-text wpcf7-validates-as-required\" aria-required=\"true\" aria-invalid=\"false\" \/><\/span><\/p>\n<p>Votre e-mail <span style=\"color:#FF0000\">*<br \/>\n    <span class=\"wpcf7-form-control-wrap\" data-name=\"your-email\"><input type=\"email\" name=\"your-email\" value=\"\" size=\"40\" class=\"wpcf7-form-control wpcf7-text wpcf7-email wpcf7-validates-as-required wpcf7-validates-as-email\" aria-required=\"true\" aria-invalid=\"false\" \/><\/span> <\/p>\n<p>T\u00e9l\u00e9phone <span style=\"color:#FF0000\">*<br \/>\n    <span class=\"wpcf7-form-control-wrap\" data-name=\"telefone\"><input type=\"text\" name=\"telefone\" value=\"\" size=\"40\" class=\"wpcf7-form-control wpcf7-text wpcf7-validates-as-required\" aria-required=\"true\" aria-invalid=\"false\" \/><\/span><\/p>\n<p>Votre message<br \/>\n    <span class=\"wpcf7-form-control-wrap\" data-name=\"your-message\"><textarea name=\"your-message\" cols=\"40\" rows=\"10\" class=\"wpcf7-form-control wpcf7-textarea\" aria-invalid=\"false\"><\/textarea><\/span> <\/p>\n<p><input type=\"submit\" value=\"Envoyer\" class=\"wpcf7-form-control has-spinner wpcf7-submit\" \/><\/p>\n<div class=\"wpcf7-response-output\" aria-hidden=\"true\"><\/div><\/form><\/div>\n<p style=\"text-align: center;\" align=\"center\"><strong><span style=\"font-family: 'Georgia','serif'; color: #333333;\">Donn\u00e9es personnelles <\/span><\/strong><\/p>\n<p style=\"text-align: center;\" align=\"center\"><em><b><span style=\"font-family: 'Georgia','serif'; color: #333333;\">Avertissement&nbsp;<\/span><\/b><\/em><em><span style=\"font-family: 'Georgia','serif'; color: #333333;\"> Ce mod\u00e8le sera ult\u00e9rieurement compl\u00e9t\u00e9 par l\u2019information concernant les directives relatives au sort des donn\u00e9es \u00e0 caract\u00e8re personnel apr\u00e8s la mort (article 32-I-6\u00b0 de la loi du 6 janvier 1978 modifi\u00e9e).&nbsp;<\/span><\/em><\/p>\n<p style=\"text-align: center;\" align=\"center\"><span style=\"font-family: 'Georgia','serif'; color: #333333;\">Les informations recueillies sur ce formulaire sont enregistr\u00e9es dans un fichier informatis\u00e9 par&nbsp;<strong><span style=\"font-family: 'Georgia','serif';\">SARL PUBLIROULE RPA <\/span><\/strong>pour&nbsp;<strong><span style=\"font-family: 'Georgia','serif';\">la gestion de la client\u00e8le et\/ou l&rsquo;\u00e9tablissement de devis<\/span><\/strong><\/span><\/p>\n<p style=\"text-align: center;\" align=\"center\"><span style=\"font-family: 'Georgia','serif'; color: #333333;\">Elles sont conserv\u00e9es pendant<strong><span style=\"font-family: 'Georgia','serif';\"> 5 ans <\/span><\/strong>et sont destin\u00e9es<strong><span style=\"font-family: 'Georgia','serif';\">&nbsp;au service marketing et au service commercial \u00e9tablis au si\u00e8ge social.<\/span><\/strong><\/span><\/p>\n<p style=\"text-align: center;\" align=\"center\"><span style=\"font-family: 'Georgia','serif'; color: #333333;\">Conform\u00e9ment \u00e0 la <a href=\"https:\/\/www.cnil.fr\/fr\/loi-78-17-du-6-janvier-1978-modifiee\">loi \u00ab informatique et libert\u00e9s \u00bb<\/a>, vous pouvez exercer votre droit d&rsquo;acc\u00e8s aux donn\u00e9es vous concernant et les faire rectifier en contactant :&nbsp;<strong><span style=\"font-family: 'Georgia','serif';\">SARL PUBLIROULE RPA &#8211; 13 Les Fr\u00eanes &#8211; 50680 SAINT JEAN DE SAVIGNY<\/span><\/strong><\/span><\/p>\n<p style=\"text-align: center;\" align=\"center\"><span style=\"font-family: 'Georgia','serif'; color: #333333;\">Nous vous informons de l\u2019existence de la liste d&rsquo;opposition au d\u00e9marchage t\u00e9l\u00e9phonique \u00ab Bloctel \u00bb, sur laquelle vous pouvez vous inscrire ici : https:\/\/conso.bloctel.fr\/<\/span><\/p>\n","protected":false},"excerpt":{"rendered":"<p>Pour toute demande de devis, remplissez le formulaire ci-dessous : Les champs avec ast\u00e9risque (*)sont obligatoire Donn\u00e9es personnelles Avertissement&nbsp; Ce mod\u00e8le sera ult\u00e9rieurement compl\u00e9t\u00e9 par l\u2019information concernant les directives relatives au sort des donn\u00e9es \u00e0 caract\u00e8re personnel apr\u00e8s la mort (article 32-I-6\u00b0 de la loi du 6 janvier 1978 modifi\u00e9e).&nbsp; Les informations recueillies sur ce &hellip; <\/p>\n<p class=\"link-more\"><a href=\"https:\/\/publiroule.fr\/?page_id=30\" class=\"more-link\">Continuer la lecture<span class=\"screen-reader-text\"> de &laquo;&nbsp;Devis&nbsp;&raquo;<\/span><\/a><\/p>\n","protected":false},"author":1,"featured_media":93,"parent":0,"menu_order":0,"comment_status":"closed","ping_status":"closed","template":"","meta":{"_monsterinsights_skip_tracking":false,"_monsterinsights_sitenote_active":false,"_monsterinsights_sitenote_note":"","_monsterinsights_sitenote_category":0},"wppr_data":{"cwp_meta_box_check":"No"},"aioseo_notices":[],"amp_enabled":true,"_links":{"self":[{"href":"https:\/\/publiroule.fr\/index.php?rest_route=\/wp\/v2\/pages\/30"}],"collection":[{"href":"https:\/\/publiroule.fr\/index.php?rest_route=\/wp\/v2\/pages"}],"about":[{"href":"https:\/\/publiroule.fr\/index.php?rest_route=\/wp\/v2\/types\/page"}],"author":[{"embeddable":true,"href":"https:\/\/publiroule.fr\/index.php?rest_route=\/wp\/v2\/users\/1"}],"replies":[{"embeddable":true,"href":"https:\/\/publiroule.fr\/index.php?rest_route=%2Fwp%2Fv2%2Fcomments&post=30"}],"version-history":[{"count":4,"href":"https:\/\/publiroule.fr\/index.php?rest_route=\/wp\/v2\/pages\/30\/revisions"}],"predecessor-version":[{"id":682,"href":"https:\/\/publiroule.fr\/index.php?rest_route=\/wp\/v2\/pages\/30\/revisions\/682"}],"wp:featuredmedia":[{"embeddable":true,"href":"https:\/\/publiroule.fr\/index.php?rest_route=\/wp\/v2\/media\/93"}],"wp:attachment":[{"href":"https:\/\/publiroule.fr\/index.php?rest_route=%2Fwp%2Fv2%2Fmedia&parent=30"}],"curies":[{"name":"wp","href":"https:\/\/api.w.org\/{rel}","templated":true}]}}